{"id":11,"date":"2025-12-11T04:04:50","date_gmt":"2025-12-11T04:04:50","guid":{"rendered":"https:\/\/teafit.wiweb.vn\/?page_id=11"},"modified":"2026-02-09T04:25:48","modified_gmt":"2026-02-09T04:25:48","slug":"trang-chu","status":"publish","type":"page","link":"https:\/\/teafit.wiweb.vn\/","title":{"rendered":"Trang ch\u1ee7"},"content":{"rendered":"\t<div class=\"img has-hover x md-x lg-x y md-y lg-y\" id=\"image_1829648254\">\n\t\t\t\t\t\t\t\t<div class=\"img-inner dark\" >\n\t\t\t<img loading=\"lazy\" decoding=\"async\" width=\"1594\" height=\"2017\" src=\"https:\/\/teafit.wiweb.vn\/wp-content\/uploads\/2025\/12\/598257349_122135743754969815_8782975450334764777_n-e1765765688844.jpg\" class=\"attachment-original size-original\" alt=\"\" srcset=\"https:\/\/teafit.wiweb.vn\/wp-content\/uploads\/2025\/12\/598257349_122135743754969815_8782975450334764777_n-e1765765688844.jpg 1594w, https:\/\/teafit.wiweb.vn\/wp-content\/uploads\/2025\/12\/598257349_122135743754969815_8782975450334764777_n-e1765765688844-237x300.jpg 237w, https:\/\/teafit.wiweb.vn\/wp-content\/uploads\/2025\/12\/598257349_122135743754969815_8782975450334764777_n-e1765765688844-809x1024.jpg 809w, https:\/\/teafit.wiweb.vn\/wp-content\/uploads\/2025\/12\/598257349_122135743754969815_8782975450334764777_n-e1765765688844-768x972.jpg 768w, https:\/\/teafit.wiweb.vn\/wp-content\/uploads\/2025\/12\/598257349_122135743754969815_8782975450334764777_n-e1765765688844-1214x1536.jpg 1214w\" sizes=\"auto, (max-width: 1594px) 100vw, 1594px\" \/>\t\t\t\t\t\t\n\t\t\t\t\t<\/div>\n\t\t\t\t\t\t\t\t\n<style>\n#image_1829648254 {\n  width: 100%;\n}\n<\/style>\n\t<\/div>\n\t\n\n\n\t<section class=\"section bg-gradient\" id=\"section_613946612\">\n\t\t<div class=\"section-bg fill\" >\n\t\t\t\t\t\t\t\t\t\n\t\t\t\n\n\t\t<\/div>\n\n\t\t\n\n\t\t<div class=\"section-content relative\">\n\t\t\t\n\n<div class=\"row\"  id=\"row-1958572024\">\n\n\n\t<div id=\"col-1656838271\" class=\"col wheel-form small-12 large-12\"  >\n\t\t\t\t<div class=\"col-inner\" style=\"background-color:rgb(255,255,255);\" >\n\t\t\t\n\t\t\t\n\n\n<div class=\"wpcf7 no-js\" id=\"wpcf7-f8-o1\" lang=\"vi\" dir=\"ltr\" data-wpcf7-id=\"8\">\n<div class=\"screen-reader-response\"><p role=\"status\" aria-live=\"polite\" aria-atomic=\"true\"><\/p> <ul><\/ul><\/div>\n<form action=\"\/index.php\/wp-json\/wp\/v2\/pages\/11#wpcf7-f8-o1\" method=\"post\" class=\"wpcf7-form init cf7mls-auto-return-first-step cf7mls-no-moving-animation\" aria-label=\"Form li\u00ean h\u1ec7\" novalidate=\"novalidate\" data-status=\"init\">\n<fieldset class=\"hidden-fields-container\"><input type=\"hidden\" name=\"_wpcf7\" value=\"8\" \/><input type=\"hidden\" name=\"_wpcf7_version\" value=\"6.1.4\" \/><input type=\"hidden\" name=\"_wpcf7_locale\" value=\"vi\" \/><input type=\"hidden\" name=\"_wpcf7_unit_tag\" value=\"wpcf7-f8-o1\" \/><input type=\"hidden\" name=\"_wpcf7_container_post\" value=\"0\" \/><input type=\"hidden\" name=\"_wpcf7_posted_data_hash\" value=\"\" \/>\n<\/fieldset>\n<div class=\"fieldset-cf7mls-wrapper\" data-transition-effects><fieldset class=\"fieldset-cf7mls cf7mls_current_fs\"><h2 style=\"text-align: center;\">Theo d\u00f5i TeaFit qua c\u00e1c k\u00eanh<\/h2>\n<div class=\"qr-code\">\n<img decoding=\"async\" src=\"\/wp-content\/uploads\/2025\/12\/34bc12c20187e8d9b196.jpg\"><\/img>\n<img decoding=\"async\" src=\"\/wp-content\/uploads\/2025\/12\/QR.png\"><\/img>\n<\/div>\n<label>N\u0103m sinh c\u1ee7a b\u1ea1n<\/label>\n<span class=\"wpcf7-form-control-wrap\" data-name=\"tuoi\"><input size=\"40\" maxlength=\"400\" class=\"wpcf7-form-control wpcf7-text wpcf7-validates-as-required\" aria-required=\"true\" aria-invalid=\"false\" placeholder=\"\u0110i\u1ec1n n\u0103m sinh...\" value=\"\" type=\"text\" name=\"tuoi\" \/><\/span><div class=\"cf7mls-btns \"><button type=\"button\" class=\"cf7mls_next cf7mls_btn action-button\" name=\"cf7mls_next\" id=\"cf7mls-next-btn-cf7mls_step-1\">Ti\u1ebfp theo<img decoding=\"async\" src=\"https:\/\/teafit.wiweb.vn\/wp-content\/plugins\/cf7-multi-step\/assets\/frontend\/img\/loader.svg\" alt=\"Step Loading\" data-lazy-src=\"https:\/\/teafit.wiweb.vn\/wp-content\/plugins\/cf7-multi-step\/assets\/frontend\/img\/loader.svg\" style=\"display: none;\" \/><\/button><\/div><p><\/p><\/fieldset><fieldset class=\"fieldset-cf7mls\"><h2 style=\"text-align: center;\">C\u00e2u h\u1ecfi TeaFit<\/h2>\n<label>Khi ch\u1ecdn \u0111\u1ed3 u\u1ed1ng \u0111\u00f3ng chai ho\u1eb7c lon, \u01b0u ti\u00ean c\u1ee7a b\u1ea1n l\u00e0 g\u00ec?<\/label>\n<span class=\"wpcf7-form-control-wrap\" data-name=\"chon-nuoc\"><select class=\"wpcf7-form-control wpcf7-select wpcf7-validates-as-required\" aria-required=\"true\" aria-invalid=\"false\" name=\"chon-nuoc\"><option value=\"Ngon mi\u1ec7ng, d\u1ec5 u\u1ed1ng l\u00e0 \u0111\u1ee7\">Ngon mi\u1ec7ng, d\u1ec5 u\u1ed1ng l\u00e0 \u0111\u1ee7<\/option><option value=\"Kh\u1ecfe &amp; s\u1ea1ch tr\u01b0\u1edbc, ngon l\u00e0 y\u1ebfu t\u1ed1 sau\">Kh\u1ecfe &amp; s\u1ea1ch tr\u01b0\u1edbc, ngon l\u00e0 y\u1ebfu t\u1ed1 sau<\/option><option value=\"Kh\u1ecfe \u2013 s\u1ea1ch \u2013 ngon, c\u1ea7n \u0111\u1ee7 c\u1ea3 ba\">Kh\u1ecfe \u2013 s\u1ea1ch \u2013 ngon, c\u1ea7n \u0111\u1ee7 c\u1ea3 ba<\/option><\/select><\/span>\n<label>B\u1ea1n s\u1eb5n s\u00e0ng chi tr\u1ea3 bao nhi\u00eau cho m\u1ed9t m\u00f3n \u0111\u1ed3 u\u1ed1ng \u201ckh\u1ecfe & s\u1ea1ch\u201d d\u00f9ng cho m\u1ed7i bu\u1ed5i t\u1eadp t\u1ea1i STARFIT?<\/label>\n<span class=\"wpcf7-form-control-wrap\" data-name=\"chi-tra\"><select class=\"wpcf7-form-control wpcf7-select wpcf7-validates-as-required\" aria-required=\"true\" aria-invalid=\"false\" name=\"chi-tra\"><option value=\"\u2264 10.000\u0111\">\u2264 10.000\u0111<\/option><option value=\"10.000 \u2013 20.000\u0111\">10.000 \u2013 20.000\u0111<\/option><option value=\"Tr\u00ean 20.000\u0111\">Tr\u00ean 20.000\u0111<\/option><\/select><\/span>\n<label>Trong c\u00e1c l\u1ef1a ch\u1ecdn d\u01b0\u1edbi \u0111\u00e2y, v\u1ecb tr\u00e0 TEAFIT n\u00e0o khi\u1ebfn b\u1ea1n mu\u1ed1n tr\u1ea3i nghi\u1ec7m nh\u1ea5t?<\/label>\n<span class=\"wpcf7-form-control-wrap\" data-name=\"vi-tra\"><span class=\"wpcf7-form-control wpcf7-checkbox wpcf7-validates-as-required\"><span class=\"wpcf7-list-item first\"><input type=\"checkbox\" name=\"vi-tra[]\" value=\"H\u1ed3ng tr\u00e0 ZERO \u2013 0 \u0111\u01b0\u1eddng, 0 ch\u1ea5t b\u1ea3o qu\u1ea3n, 0 m\u00e0u t\u1ed5ng h\u1ee3p\" \/><span class=\"wpcf7-list-item-label\">H\u1ed3ng tr\u00e0 ZERO \u2013 0 \u0111\u01b0\u1eddng, 0 ch\u1ea5t b\u1ea3o qu\u1ea3n, 0 m\u00e0u t\u1ed5ng h\u1ee3p<\/span><\/span><span class=\"wpcf7-list-item\"><input type=\"checkbox\" name=\"vi-tra[]\" value=\"Tr\u00e0 t\u00eda t\u00f4 HERBAL \u2013 0 \u0111\u01b0\u1eddng, 0 ch\u1ea5t b\u1ea3o qu\u1ea3n, 0 m\u00e0u t\u1ed5ng h\u1ee3p\" \/><span class=\"wpcf7-list-item-label\">Tr\u00e0 t\u00eda t\u00f4 HERBAL \u2013 0 \u0111\u01b0\u1eddng, 0 ch\u1ea5t b\u1ea3o qu\u1ea3n, 0 m\u00e0u t\u1ed5ng h\u1ee3p<\/span><\/span><span class=\"wpcf7-list-item\"><input type=\"checkbox\" name=\"vi-tra[]\" value=\"Tr\u00e0 nh\u00e2n tr\u1ea7n DETOX \u2013 \u00cdt \u0111\u01b0\u1eddng, 0 ch\u1ea5t b\u1ea3o qu\u1ea3n, 0 m\u00e0u t\u1ed5ng h\u1ee3p\" \/><span class=\"wpcf7-list-item-label\">Tr\u00e0 nh\u00e2n tr\u1ea7n DETOX \u2013 \u00cdt \u0111\u01b0\u1eddng, 0 ch\u1ea5t b\u1ea3o qu\u1ea3n, 0 m\u00e0u t\u1ed5ng h\u1ee3p<\/span><\/span><span class=\"wpcf7-list-item\"><input type=\"checkbox\" name=\"vi-tra[]\" value=\"Tr\u00e0 hoa c\u00fac FRESH \u2013 \u00cdt \u0111\u01b0\u1eddng, 0 ch\u1ea5t b\u1ea3o qu\u1ea3n, 0 m\u00e0u t\u1ed5ng h\u1ee3p\" \/><span class=\"wpcf7-list-item-label\">Tr\u00e0 hoa c\u00fac FRESH \u2013 \u00cdt \u0111\u01b0\u1eddng, 0 ch\u1ea5t b\u1ea3o qu\u1ea3n, 0 m\u00e0u t\u1ed5ng h\u1ee3p<\/span><\/span><span class=\"wpcf7-list-item last\"><input type=\"checkbox\" name=\"vi-tra[]\" value=\"Tr\u00e0 l\u00e0i ACTIVE \u2013 \u00cdt \u0111\u01b0\u1eddng, 0 ch\u1ea5t b\u1ea3o qu\u1ea3n, 0 m\u00e0u t\u1ed5ng h\u1ee3p\" \/><span class=\"wpcf7-list-item-label\">Tr\u00e0 l\u00e0i ACTIVE \u2013 \u00cdt \u0111\u01b0\u1eddng, 0 ch\u1ea5t b\u1ea3o qu\u1ea3n, 0 m\u00e0u t\u1ed5ng h\u1ee3p<\/span><\/span><\/span><\/span>\n<div class=\"cf7mls-btns \"><button type=\"button\" class=\"cf7mls_back action-button\" name=\"cf7mls_back\" id=\"cf7mls-back-btn-cf7mls_step-2\">Quay l\u1ea1i<\/button><button type=\"button\" class=\"cf7mls_next cf7mls_btn action-button\" name=\"cf7mls_next\" id=\"cf7mls-next-btn-cf7mls_step-2\">Ti\u1ebfp theo<img decoding=\"async\" src=\"https:\/\/teafit.wiweb.vn\/wp-content\/plugins\/cf7-multi-step\/assets\/frontend\/img\/loader.svg\" alt=\"Step Loading\" data-lazy-src=\"https:\/\/teafit.wiweb.vn\/wp-content\/plugins\/cf7-multi-step\/assets\/frontend\/img\/loader.svg\" style=\"display: none;\" \/><\/button><\/div><p><\/p><\/fieldset><fieldset class=\"fieldset-cf7mls\"><h2 style=\"text-align: center;\">C\u00e2u h\u1ecfi Starfit<\/h2>\n<label>B\u1ea1n \u0111\u00e3 t\u1eebng t\u1eadp luy\u1ec7n t\u1ea1i ph\u00f2ng gym Starfit ch\u01b0a?<\/label>\n<span class=\"wpcf7-form-control-wrap\" data-name=\"phong-tap\"><select class=\"wpcf7-form-control wpcf7-select wpcf7-validates-as-required\" aria-required=\"true\" aria-invalid=\"false\" name=\"phong-tap\"><option value=\"R\u1ed3i\">R\u1ed3i<\/option><option value=\"Ch\u01b0a\">Ch\u01b0a<\/option><\/select><\/span>\n<label>M\u1ee5c ti\u00eau t\u1eadp luy\u1ec7n hi\u1ec7n t\u1ea1i c\u1ee7a b\u1ea1n l\u00e0 g\u00ec?<\/label>\n<span class=\"wpcf7-form-control-wrap\" data-name=\"muc-tieu\"><select class=\"wpcf7-form-control wpcf7-select wpcf7-validates-as-required\" aria-required=\"true\" aria-invalid=\"false\" name=\"muc-tieu\"><option value=\"Gi\u1ea3m m\u1ee1\">Gi\u1ea3m m\u1ee1<\/option><option value=\"T\u0103ng c\u01a1\">T\u0103ng c\u01a1<\/option><option value=\"T\u0103ng s\u1ee9c b\u1ec1n \u2013 n\u0103ng l\u01b0\u1ee3ng\">T\u0103ng s\u1ee9c b\u1ec1n \u2013 n\u0103ng l\u01b0\u1ee3ng<\/option><option value=\"Duy tr\u00ec s\u1ee9c kh\u1ecfe\">Duy tr\u00ec s\u1ee9c kh\u1ecfe<\/option><\/select><\/span>\n<label>B\u1ea1n c\u00f3 quan t\u00e2m \u0111\u1ebfn c\u00e1c d\u1ecbch v\u1ee5 n\u00e0o c\u1ee7a Starfit?<\/label>\n<span class=\"wpcf7-form-control-wrap\" data-name=\"quan-tam\"><select class=\"wpcf7-form-control wpcf7-select wpcf7-validates-as-required\" aria-required=\"true\" aria-invalid=\"false\" name=\"quan-tam\"><option value=\"G\u00f3i t\u1eadp gym\">G\u00f3i t\u1eadp gym<\/option><option value=\"G\u00f3i PT c\u00e1 nh\u00e2n\">G\u00f3i PT c\u00e1 nh\u00e2n<\/option><option value=\"L\u1edbp nh\u00f3m (GroupX, Yoga\u2026)\">L\u1edbp nh\u00f3m (GroupX, Yoga\u2026)<\/option><option value=\"Ch\u1ebf \u0111\u1ed9 dinh d\u01b0\u1ee1ng \u2013 t\u01b0 v\u1ea5n body\">Ch\u1ebf \u0111\u1ed9 dinh d\u01b0\u1ee1ng \u2013 t\u01b0 v\u1ea5n body<\/option><option value=\"Ch\u01b0a r\u00f5, c\u1ea7n t\u01b0 v\u1ea5n\">Ch\u01b0a r\u00f5, c\u1ea7n t\u01b0 v\u1ea5n<\/option><\/select><\/span><div class=\"cf7mls-btns \"><button type=\"button\" class=\"cf7mls_back action-button\" name=\"cf7mls_back\" id=\"cf7mls-back-btn-cf7mls_step-3\">Quay l\u1ea1i<\/button><button type=\"button\" class=\"cf7mls_next cf7mls_btn action-button\" name=\"cf7mls_next\" id=\"cf7mls-next-btn-cf7mls_step-3\">Quay th\u01b0\u1edfng<img decoding=\"async\" src=\"https:\/\/teafit.wiweb.vn\/wp-content\/plugins\/cf7-multi-step\/assets\/frontend\/img\/loader.svg\" alt=\"Step Loading\" data-lazy-src=\"https:\/\/teafit.wiweb.vn\/wp-content\/plugins\/cf7-multi-step\/assets\/frontend\/img\/loader.svg\" style=\"display: none;\" \/><\/button><\/div><p><\/p><\/fieldset><fieldset class=\"fieldset-cf7mls\">\n        <div id=\"cf7-spinwheel-wrapper\" data-rewards=\"[{&quot;label&quot;:&quot;N\\u00f3n TEAFIT&quot;,&quot;chance&quot;:&quot;10&quot;},{&quot;label&quot;:&quot;T\\u00fai Note TEAFIT&quot;,&quot;chance&quot;:&quot;30&quot;},{&quot;label&quot;:&quot;1 th\\u00f9ng tr\\u00e0 TeaFit&quot;,&quot;chance&quot;:&quot;30&quot;},{&quot;label&quot;:&quot;3 th\\u00f9ng tr\\u00e0 TeaFit&quot;,&quot;chance&quot;:&quot;15&quot;},{&quot;label&quot;:&quot;5 th\\u00f9ng tr\\u00e0 TeaFit ( v\\u1ecb t\\u00f9y ch\\u1ecdn )&quot;,&quot;chance&quot;:&quot;5&quot;},{&quot;label&quot;:&quot;Voucher li\\u00ean k\\u1ebft gi\\u1ea3m 50%&quot;,&quot;chance&quot;:&quot;5&quot;},{&quot;label&quot;:&quot;\\u00c1o TEAFIT&quot;,&quot;chance&quot;:&quot;5&quot;}]\">\n            <canvas id=\"cf7-spinwheel\" aria-hidden=\"true\"><\/canvas>\n            <div id=\"spinwheel-pointer\"><\/div>\n            <button id=\"spin-btn\" type=\"button\">Quay<\/button>\n            <input type=\"hidden\" id=\"spinwheel-result\" name=\"spinwheel-result\">\n            <div id=\"cf7-spinwheel-radios-placeholder\" style=\"display:none\"><\/div>\n        <\/div>\n<input class=\"wpcf7-form-control wpcf7-submit has-spinner\" type=\"submit\" value=\"G\u1eedi\" \/><div class=\"cf7mls-btns cf7mls-btns-last-step\"><button type=\"button\" class=\"cf7mls_back action-button\" name=\"cf7mls_back\" id=\"cf7mls-back-btn-cf7mls_step-4\">Quay l\u1ea1i<\/button><button type=\"button\" style=\"display: none;\" class=\"cf7mls_next cf7mls_btn action-button\" name=\"cf7mls_next\" id=\"cf7mls-next-btn-cf7mls_step-4\"><img decoding=\"async\" src=\"https:\/\/teafit.wiweb.vn\/wp-content\/plugins\/cf7-multi-step\/assets\/frontend\/img\/loader.svg\" alt=\"Step Loading\" data-lazy-src=\"https:\/\/teafit.wiweb.vn\/wp-content\/plugins\/cf7-multi-step\/assets\/frontend\/img\/loader.svg\" style=\"display: none;\" \/><\/button><\/fieldset><\/div><div class=\"wpcf7-response-output\" aria-hidden=\"true\"><\/div>\n<\/form>\n<\/div>\n\n\n\n\t\t<\/div>\n\t\t\t\t\n<style>\n#col-1656838271 > .col-inner {\n  padding: 30px 30px 0px 30px;\n  border-radius: 15px;\n}\n<\/style>\n\t<\/div>\n\n\t\n\n<\/div>\n\n\t\t<\/div>\n\n\t\t\n<style>\n#section_613946612 {\n  padding-top: 30px;\n  padding-bottom: 30px;\n}\n<\/style>\n\t<\/section>\n\t","protected":false},"excerpt":{"rendered":"","protected":false},"author":1,"featured_media":0,"parent":0,"menu_order":0,"comment_status":"closed","ping_status":"closed","template":"page-blank-landingpage.php","meta":{"footnotes":""},"class_list":["post-11","page","type-page","status-publish","hentry"],"_links":{"self":[{"href":"https:\/\/teafit.wiweb.vn\/index.php\/wp-json\/wp\/v2\/pages\/11","targetHints":{"allow":["GET"]}}],"collection":[{"href":"https:\/\/teafit.wiweb.vn\/index.php\/wp-json\/wp\/v2\/pages"}],"about":[{"href":"https:\/\/teafit.wiweb.vn\/index.php\/wp-json\/wp\/v2\/types\/page"}],"author":[{"embeddable":true,"href":"https:\/\/teafit.wiweb.vn\/index.php\/wp-json\/wp\/v2\/users\/1"}],"replies":[{"embeddable":true,"href":"https:\/\/teafit.wiweb.vn\/index.php\/wp-json\/wp\/v2\/comments?post=11"}],"version-history":[{"count":11,"href":"https:\/\/teafit.wiweb.vn\/index.php\/wp-json\/wp\/v2\/pages\/11\/revisions"}],"predecessor-version":[{"id":155,"href":"https:\/\/teafit.wiweb.vn\/index.php\/wp-json\/wp\/v2\/pages\/11\/revisions\/155"}],"wp:attachment":[{"href":"https:\/\/teafit.wiweb.vn\/index.php\/wp-json\/wp\/v2\/media?parent=11"}],"curies":[{"name":"wp","href":"https:\/\/api.w.org\/{rel}","templated":true}]}}